{"id":5684,"date":"2018-03-03T11:58:44","date_gmt":"2018-03-03T09:58:44","guid":{"rendered":"http:\/\/www.javiersantosguitar.com\/main\/?page_id=5684"},"modified":"2020-03-14T10:55:39","modified_gmt":"2020-03-14T08:55:39","slug":"robots-sonicos","status":"publish","type":"page","link":"https:\/\/www.javiersantosguitar.com\/main\/robots-sonicos\/","title":{"rendered":"Robots S."},"content":{"rendered":"<pre style=\"text-align: center;\"><span style=\"color: #993366;\"><strong>Robots S\u00f3nicos, mis otras criaturas art\u00edsticas.\u00a0<\/strong><\/span><\/pre>\n<pre style=\"text-align: center;\">Aunque mi principal ocupaci\u00f3n es la de guitarrista moderno, siempre he estado muy ligado a todo lo que sea arte y creatividad. As\u00ed, inspirado en los pioneros de esta corriente art\u00edstica (que constru\u00edan robots a partir de objetos reciclados) y en la est\u00e9tica industrial y el Steampunk, decid\u00ed dar a luz a mis propias criaturas p<span class=\"text_exposed_show\">artiendo de elementos originales de mi universo guitarr\u00edstico: b\u00e1sicamente cables y pedales de efectos de guitarra. Y es que llevaba un tiempo buscando dar nuevos usos a todos estos componentes que forman parte de mi profesi\u00f3n\u2026hasta que la inspiraci\u00f3n lleg\u00f3 en forma de robots sonoros. No se trataba de hacer entes m\u00f3viles o que hicieran m\u00fasica, simplemente piezas de decoraci\u00f3n que incorporasen elementos ligados al universo de la sonoridad.\r\n\r\nDesde el comienzo el objetivo fue crear una l\u00ednea clara y marcada, con unos est\u00e1ndares r\u00e1pidamente identificables en cuanto a concepto y dise\u00f1o. Todos ellos llevan componentes comunes como son los pedales de efectos de guitarra para las cabezas, cables de guitarra o bocinas para los brazos, pilotos luminosos para las mochilas de sus espaldas, tubos de metal y tuercas para las piernas, o ruedas de reloj para los ojos. A partir de ah\u00ed cada modelo incorpora diferentes objetos personalizados como timbres, campanas, cajas de m\u00fasica, platillos, baquetas de bater\u00eda, guantes de boxeo, auriculares\u2026 Los materiales utilizados son: acero, pl\u00e1stico, goma, aluminio y madera. Y se presentan en acabado gris metalizado, de clara inspiraci\u00f3n industrial.\r\n\r\nTama\u00f1o aproximado de cada pieza: 25 cm alto x 10 ancho x 9 fondo.\r\n\r\nUn regalo id\u00f3neo tanto para amantes del dise\u00f1o, la rob\u00f3tica o la decoraci\u00f3n en general, como del sonido y de los instrumentos musicales. Todos hechos a mano uno a uno y por encargo...as\u00ed que no dudes en contactarme sin compromiso si quieres hacerte con uno. Muchas gracias por adelantado. Fotos e info en:\r\n<span style=\"color: #ffffff;\">.<\/span>\r\n<span style=\"color: #993366;\"><a style=\"color: #993366;\" href=\"https:\/\/www.facebook.com\/RobotsSonicos\" target=\"_blank\" rel=\"noopener noreferrer\">https:\/\/www.facebook.com\/RobotsSonicos\r\n\r\n<img loading=\"lazy\" decoding=\"async\" class=\"aligncenter size-full wp-image-5707\" src=\"https:\/\/i0.wp.com\/www.javiersantosguitar.com\/main\/wp-content\/uploads\/2018\/03\/Robots-Sonicos-Pagina-Web.jpg?resize=1144%2C716\" alt=\"\" width=\"1144\" height=\"716\" srcset=\"https:\/\/i0.wp.com\/www.javiersantosguitar.com\/main\/wp-content\/uploads\/2018\/03\/Robots-Sonicos-Pagina-Web.jpg?w=2300&amp;ssl=1 2300w, https:\/\/i0.wp.com\/www.javiersantosguitar.com\/main\/wp-content\/uploads\/2018\/03\/Robots-Sonicos-Pagina-Web.jpg?resize=559%2C350&amp;ssl=1 559w, https:\/\/i0.wp.com\/www.javiersantosguitar.com\/main\/wp-content\/uploads\/2018\/03\/Robots-Sonicos-Pagina-Web.jpg?resize=768%2C481&amp;ssl=1 768w, https:\/\/i0.wp.com\/www.javiersantosguitar.com\/main\/wp-content\/uploads\/2018\/03\/Robots-Sonicos-Pagina-Web.jpg?resize=1024%2C641&amp;ssl=1 1024w\" sizes=\"auto, (max-width: 1144px) 100vw, 1144px\" data-recalc-dims=\"1\" \/>\r\n<\/a><\/span><\/span><\/pre>\n","protected":false},"excerpt":{"rendered":"<p>Robots S\u00f3nicos, mis otras criaturas art\u00edsticas.\u00a0 Aunque mi principal ocupaci\u00f3n es la de guitarrista moderno, siempre he estado muy ligado a todo lo que sea arte y creatividad. As\u00ed, inspirado en los pioneros de esta corriente art\u00edstica (que constru\u00edan robots a partir de objetos reciclados) y en la est\u00e9tica industrial y el Steampunk, decid\u00ed dar a luz a mis propias criaturas partiendo de elementos originales de mi universo guitarr\u00edstico: b\u00e1sicamente cables y pedales de efectos de guitarra. Y es que [&hellip;]<\/p>\n","protected":false},"author":2,"featured_media":0,"parent":0,"menu_order":0,"comment_status":"closed","ping_status":"closed","template":"","meta":{"jetpack_post_was_ever_published":false,"footnotes":""},"class_list":["post-5684","page","type-page","status-publish","hentry"],"jetpack_sharing_enabled":true,"jetpack_shortlink":"https:\/\/wp.me\/P9HYNS-1tG","jetpack_likes_enabled":true,"jetpack-related-posts":[{"id":14,"url":"https:\/\/www.javiersantosguitar.com\/main\/bio\/","url_meta":{"origin":5684,"position":0},"title":"Bio","author":"javicorny","date":"19\/06\/2012","format":false,"excerpt":"[vc_row iron_row_type=\"full_width\" iron_remove_padding_medium=\"tabletnopadding\" iron_remove_padding_small=\"\" iron_overlay_pattern=\"\" iron_parallax=\"\" iron_bg_video=\"\"][vc_column][vc_empty_space height=\"160px\"][vc_custom_heading text=\"Biograf\u00eda\" font_container=\"tag:h3|text_align:center\" google_fonts=\"font_family:Playfair%20Display%3Aregular%2Citalic%2C700%2C700italic%2C900%2C900italic|font_style:400%20regular%3A400%3Anormal\" fit_bg_text=\"0\" css=\".vc_custom_1467230033979{margin-bottom: -20px !important;}\"][vc_empty_space height=\"75px\"][\/vc_column][\/vc_row][vc_row iron_row_type=\"full_width\" iron_remove_padding_medium=\"tabletnopadding\" iron_remove_padding_small=\"\" iron_overlay_pattern=\"\" iron_parallax=\"\" iron_bg_video=\"\" css=\".vc_custom_1452106292953{background-position: 0 0 !important;background-repeat: repeat !important;}\"][vc_column el_class=\".nopadding\"][vc_single_image image=\"6644\" img_size=\"400x600\" alignment=\"center\" css_animation=\"bottom-to-top\" img_fullwidth=\"0\"][\/vc_column][\/vc_row][vc_row iron_row_type=\"full_width\" iron_remove_padding_medium=\"tabletnopadding\" iron_remove_padding_small=\"\" iron_overlay_pattern=\"\" iron_parallax=\"\" iron_bg_video=\"\" css=\".vc_custom_1452106591529{padding-right: 10px !important;padding-left: 10px !important;}\"][vc_column][vc_row_inner iron_bg_video=\"\"][vc_column_inner][vc_column_text] Instrumentos: Guitarras, Lap Steel,\u2026","rel":"","context":"Entrada similar","block_context":{"text":"Entrada similar","link":""},"img":{"alt_text":"","src":"","width":0,"height":0},"classes":[]},{"id":5374,"url":"https:\/\/www.javiersantosguitar.com\/main\/chopper-monster\/","url_meta":{"origin":5684,"position":1},"title":"Chopper Monster","author":"javicorny","date":"20\/09\/2016","format":false,"excerpt":"MADRID SINGULAR A RITMO DE RAGTIME es un nuevo espacio online dise\u00f1ado para dar a conocer lugares \u00fanicos de Madrid a trav\u00e9s de la m\u00fasica Ragtime. Todo ello con peque\u00f1os clips musicales, a medio camino entre la actuaci\u00f3n en directo y el v\u00eddeo-reportaje. Un proyecto del guitarrista Javier Santos, en\u2026","rel":"","context":"Entrada similar","block_context":{"text":"Entrada similar","link":""},"img":{"alt_text":"","src":"","width":0,"height":0},"classes":[]},{"id":1043,"url":"https:\/\/www.javiersantosguitar.com\/main\/madrid-singular-a-ritmo-de-rag\/","url_meta":{"origin":5684,"position":2},"title":"MSRR","author":"javicorny","date":"29\/04\/2016","format":false,"excerpt":"MADRID SINGULAR A RITMO DE RAGTIME es un nuevo espacio online dise\u00f1ado para dar a conocer lugares \u00fanicos de Madrid a trav\u00e9s de la m\u00fasica Ragtime. Todo ello con peque\u00f1os clips musicales, a medio camino entre la actuaci\u00f3n en directo y el v\u00eddeo-reportaje. Un proyecto del guitarrista Javier Santos, en\u2026","rel":"","context":"Entrada similar","block_context":{"text":"Entrada similar","link":""},"img":{"alt_text":"","src":"https:\/\/i0.wp.com\/www.javiersantosguitar.com\/main\/wp-content\/uploads\/2012\/06\/MSRR-Malayerba-Bio-Peque\u00c3\u00b1o.jpg?resize=350%2C200&ssl=1","width":350,"height":200,"srcset":"https:\/\/i0.wp.com\/www.javiersantosguitar.com\/main\/wp-content\/uploads\/2012\/06\/MSRR-Malayerba-Bio-Peque\u00c3\u00b1o.jpg?resize=350%2C200&ssl=1 1x, https:\/\/i0.wp.com\/www.javiersantosguitar.com\/main\/wp-content\/uploads\/2012\/06\/MSRR-Malayerba-Bio-Peque\u00c3\u00b1o.jpg?resize=525%2C300&ssl=1 1.5x"},"classes":[]},{"id":5001,"url":"https:\/\/www.javiersantosguitar.com\/main\/guitar-solo-tributo\/","url_meta":{"origin":5684,"position":3},"title":"Guitar Solo Tributo","author":"javicorny","date":"01\/07\/2016","format":false,"excerpt":"\u00a0 MSRR\u00a0es un nuevo espacio online dise\u00f1ado para dar a conocer lugares \u00fanicos de Madrid a trav\u00e9s de la m\u00fasica Ragtime. Todo ello con peque\u00f1os clips musicales, a medio camino entre la actuaci\u00f3n en directo y el v\u00eddeo-reportaje. Un proyecto del guitarrista Javier Santos, en el que se presentar\u00e1n locales,\u2026","rel":"","context":"Entrada similar","block_context":{"text":"Entrada similar","link":""},"img":{"alt_text":"GST MJ 4","src":"https:\/\/i0.wp.com\/www.javiersantosguitar.com\/main\/wp-content\/uploads\/2013\/05\/GST-MJ-4.jpg?resize=350%2C200","width":350,"height":200,"srcset":"https:\/\/i0.wp.com\/www.javiersantosguitar.com\/main\/wp-content\/uploads\/2013\/05\/GST-MJ-4.jpg?resize=350%2C200 1x, https:\/\/i0.wp.com\/www.javiersantosguitar.com\/main\/wp-content\/uploads\/2013\/05\/GST-MJ-4.jpg?resize=525%2C300 1.5x, https:\/\/i0.wp.com\/www.javiersantosguitar.com\/main\/wp-content\/uploads\/2013\/05\/GST-MJ-4.jpg?resize=700%2C400 2x"},"classes":[]},{"id":5434,"url":"https:\/\/www.javiersantosguitar.com\/main\/gst\/","url_meta":{"origin":5684,"position":4},"title":"Solista","author":"javicorny","date":"22\/09\/2016","format":false,"excerpt":"Guitar Solo Tributo es un proyecto instrumental y cantado\u00a0a una sola guitarra, en el que se hace un repaso por algunos de los m\u00e1s famosos temas del repertorio moderno a ritmo de Ragtime,\u00a0recogiendo la herencia de guitarristas como Merle Travis o Chet Atkins pero en un formato m\u00e1s libre y\u2026","rel":"","context":"Entrada similar","block_context":{"text":"Entrada similar","link":""},"img":{"alt_text":"","src":"https:\/\/i0.wp.com\/www.javiersantosguitar.com\/main\/wp-content\/uploads\/2012\/06\/GST-Passenger-Youtube-copia3.jpg?resize=350%2C200&ssl=1","width":350,"height":200,"srcset":"https:\/\/i0.wp.com\/www.javiersantosguitar.com\/main\/wp-content\/uploads\/2012\/06\/GST-Passenger-Youtube-copia3.jpg?resize=350%2C200&ssl=1 1x, https:\/\/i0.wp.com\/www.javiersantosguitar.com\/main\/wp-content\/uploads\/2012\/06\/GST-Passenger-Youtube-copia3.jpg?resize=525%2C300&ssl=1 1.5x, https:\/\/i0.wp.com\/www.javiersantosguitar.com\/main\/wp-content\/uploads\/2012\/06\/GST-Passenger-Youtube-copia3.jpg?resize=700%2C400&ssl=1 2x"},"classes":[]},{"id":2,"url":"https:\/\/www.javiersantosguitar.com\/main\/sample-page\/","url_meta":{"origin":5684,"position":5},"title":"P\u00e1gina principal","author":"javicorny","date":"13\/06\/2012","format":false,"excerpt":". Bienvenidos a mi web, algo que nace con la idea de ir aunando material que he ido (e ir\u00e9) desarrollando en mi faceta como instrumentista en proyectos propios y ajenos. Muchas gracias por la visita \/ Javier . \"GUITAR SOLO TRIBUTO\" \"GUITAR SOLO TRIBUTO TRIO\" \u00a0","rel":"","context":"Entrada similar","block_context":{"text":"Entrada similar","link":""},"img":{"alt_text":"","src":"","width":0,"height":0},"classes":[]}],"_links":{"self":[{"href":"https:\/\/www.javiersantosguitar.com\/main\/wp-json\/wp\/v2\/pages\/5684","targetHints":{"allow":["GET"]}}],"collection":[{"href":"https:\/\/www.javiersantosguitar.com\/main\/wp-json\/wp\/v2\/pages"}],"about":[{"href":"https:\/\/www.javiersantosguitar.com\/main\/wp-json\/wp\/v2\/types\/page"}],"author":[{"embeddable":true,"href":"https:\/\/www.javiersantosguitar.com\/main\/wp-json\/wp\/v2\/users\/2"}],"replies":[{"embeddable":true,"href":"https:\/\/www.javiersantosguitar.com\/main\/wp-json\/wp\/v2\/comments?post=5684"}],"version-history":[{"count":5,"href":"https:\/\/www.javiersantosguitar.com\/main\/wp-json\/wp\/v2\/pages\/5684\/revisions"}],"predecessor-version":[{"id":6094,"href":"https:\/\/www.javiersantosguitar.com\/main\/wp-json\/wp\/v2\/pages\/5684\/revisions\/6094"}],"wp:attachment":[{"href":"https:\/\/www.javiersantosguitar.com\/main\/wp-json\/wp\/v2\/media?parent=5684"}],"curies":[{"name":"wp","href":"https:\/\/api.w.org\/{rel}","templated":true}]}}