{"id":14,"date":"2012-06-19T15:38:43","date_gmt":"2012-06-19T13:38:43","guid":{"rendered":"http:\/\/www.javiersantosguitar.com\/?page_id=14"},"modified":"2024-04-13T13:56:49","modified_gmt":"2024-04-13T11:56:49","slug":"bio","status":"publish","type":"page","link":"https:\/\/www.javiersantosguitar.com\/main\/bio\/","title":{"rendered":"Bio"},"content":{"rendered":"<p>[vc_row iron_row_type=\u00bbfull_width\u00bb iron_remove_padding_medium=\u00bbtabletnopadding\u00bb iron_remove_padding_small=\u00bb\u00bb iron_overlay_pattern=\u00bb\u00bb iron_parallax=\u00bb\u00bb iron_bg_video=\u00bb\u00bb][vc_column][vc_empty_space height=\u00bb160px\u00bb][vc_custom_heading text=\u00bbBiograf\u00eda\u00bb font_container=\u00bbtag:h3|text_align:center\u00bb google_fonts=\u00bbfont_family:Playfair%20Display%3Aregular%2Citalic%2C700%2C700italic%2C900%2C900italic|font_style:400%20regular%3A400%3Anormal\u00bb fit_bg_text=\u00bb0&#8243; css=\u00bb.vc_custom_1467230033979{margin-bottom: -20px !important;}\u00bb][vc_empty_space height=\u00bb75px\u00bb][\/vc_column][\/vc_row][vc_row iron_row_type=\u00bbfull_width\u00bb iron_remove_padding_medium=\u00bbtabletnopadding\u00bb iron_remove_padding_small=\u00bb\u00bb iron_overlay_pattern=\u00bb\u00bb iron_parallax=\u00bb\u00bb iron_bg_video=\u00bb\u00bb css=\u00bb.vc_custom_1452106292953{background-position: 0 0 !important;background-repeat: repeat !important;}\u00bb][vc_column el_class=\u00bb.nopadding\u00bb][vc_single_image image=\u00bb6644&#8243; img_size=\u00bb400&#215;600&#8243; alignment=\u00bbcenter\u00bb css_animation=\u00bbbottom-to-top\u00bb img_fullwidth=\u00bb0&#8243;][\/vc_column][\/vc_row][vc_row iron_row_type=\u00bbfull_width\u00bb iron_remove_padding_medium=\u00bbtabletnopadding\u00bb iron_remove_padding_small=\u00bb\u00bb iron_overlay_pattern=\u00bb\u00bb iron_parallax=\u00bb\u00bb iron_bg_video=\u00bb\u00bb css=\u00bb.vc_custom_1452106591529{padding-right: 10px !important;padding-left: 10px !important;}\u00bb][vc_column][vc_row_inner iron_bg_video=\u00bb\u00bb][vc_column_inner][vc_column_text]<\/p>\n<pre style=\"text-align: center;\">Instrumentos: <span style=\"color: #993366;\">Guitarras<\/span>, <span style=\"color: #993366;\">Lap Steel<\/span>, <span style=\"color: #993366;\">Banjo Tenor y 5 Cuerdas<\/span>, <span style=\"color: #993366;\">Mandolina<\/span>, <span style=\"color: #993366;\">Ukelele<\/span> y algo de <span style=\"color: #993366;\">Saxo Alto<\/span>.<\/pre>\n<p>[\/vc_column_text][vc_empty_space height=\u00bb2px\u00bb][vc_column_text]<\/p>\n<pre style=\"text-align: center;\"><span style=\"color: #000080;\">Actualmente Guitarrista en los Musicales <span style=\"color: #993366;\">\"Chicago\" <span style=\"color: #333399;\">(Teatro Nuevo Apolo) y <span style=\"color: #993366;\">\"Pretty Woman\"<\/span> (Teatro EDP Gran V\u00eda).<\/span><\/span><\/span><\/pre>\n<p>[\/vc_column_text][\/vc_column_inner][\/vc_row_inner][vc_row_inner iron_bg_video=\u00bb\u00bb][vc_column_inner width=\u00bb1\/2&#8243; css=\u00bb.vc_custom_1467220747487{margin-right: 4px !important;}\u00bb][vc_column_text css=\u00bb.vc_custom_1713008412435{margin-right: 6px !important;}\u00bb]<\/p>\n<pre style=\"text-align: center;\"><span style=\"color: #a3227f;\">Me formo en Espa\u00f1a y el Extranjero<\/span> dentro de estilos muy distintos. En Espa\u00f1a con maestros como Diego Garc\u00eda \"El Twanguero\", F\u00e9lix Santos, Javier S\u00e1nchez, Jaume Pla, Joaqu\u00edn Chac\u00f3n, Arturo P\u00e9rez, Jos\u00e9 Manuel Lorenzo o Lucho Baigo. Y en el extranjero en el Guitar Institute de Londres con Dave Kilminster, Iain Scott, Pete Whitard o Lee Hodgson; en la New York University con Bruce Arnold, Mimi Fox o Tony Moreno; y en los cursos del Berklee College of Music en Perugia (Italia) con gente como Mark White, Jim Kelly u Oscar Stagnaro. \r\n\r\nLa mayor parte de mi trayectoria profesional la desarrollo en el <span style=\"color: #a3227f;\">Mundo de los Musicales<span style=\"color: #000000;\">, en Madrid y Giras Nacionales<\/span><\/span>. Desde 2005, he participado con empresas como Stage Entertainment, Som Produce o MadBridge en los siguientes: \u201c<span style=\"color: #993366;\">Chicago<\/span>\u201d (Teatro Nuevo Apolo\/2023-2024), \u201c<span style=\"color: #993366;\">Pretty Woman<\/span>\u201d (Teatro EDP Gran V\u00eda\/2023-2024), \u201c<span style=\"color: #993366;\">Los Puentes de Madison<\/span>\u201d (Teatro EDP Gran V\u00eda\/2022-2023), \u201c<span style=\"color: #993366;\">Tina<\/span>\u201d (Teatro Coliseum\/2021-2023), \u201c<span style=\"color: #993366;\">Grease<\/span>\u201d (Teatro Nuevo Alcal\u00e1\/2021-2022), \u201c<span style=\"color: #993366;\">Billy Elliot<\/span>\u201d (Teatro Nuevo Alcal\u00e1\/2017-2020), \u201c<span style=\"color: #993366;\">El Guardaespaldas<\/span>\u201d (Teatro Coliseum\/2017-2018), \"<span style=\"color: #a3227f;\">Sister Act<\/span>\" (Teatro Nuevo Alcal\u00e1 y Gira Nacional\/2015-2016), \"<span style=\"color: #a3227f;\">Grease El Musical<\/span>\" (Teatro Nuevo Apolo\/2013), \"<span style=\"color: #a3227f;\">Grease, El Concierto<\/span>\" (Teatro Rialto\/2014), \"<span style=\"color: #a3227f;\">Fiebre del S\u00e1bado Noche\"<span style=\"color: #000000;\"><span style=\"color: #333300;\"> (Teatro Coliseum y Gira Nacional\/2009-2010), \u201c<\/span><span style=\"color: #993366;\">Jesucristo Superstar<\/span><span style=\"color: #003300;\">\u201d (Teatro Lope de Vega y Gira Nacional\/2007-2009),<\/span><\/span><\/span> \"<span style=\"color: #a3227f;\">Mamma M\u00eda!<\/span>\" (Teatro Lope de Vega\/2005-2007). \r\n\u00a0\r\nForm\u00e9 parte de la banda del <span style=\"color: #993366;\">Circo Price en Navidad<\/span> 2 temporadas (2019-20 y 2016-17),<span style=\"color: #333300;\"> producido por la compa\u00f1\u00eda La Fiesta Esc\u00e9nica. <\/span>\r\n\r\nTambi\u00e9n he colaborado con artistas, sinf\u00f3nicas y grandes espect\u00e1culos. Entre otros: \"<span style=\"color: #993366;\">Isabel Pantoja<\/span>\" Gira \"Hasta que se apague el sol\" 2017-18, por Espa\u00f1a y Latinoam\u00e9rica (con grabaci\u00f3n de DVD y Festival Vi\u00f1a del Mar); \"<span style=\"color: #993366;\">Film Symphony Orchestra<span style=\"color: #333300;\">\"<\/span><\/span> Giras Nacionales 2016-2018; \"<span style=\"color: #993366;\">Into the little hill<\/span>\" de George Benjamin con la Orquesta Sinf\u00f3nica de Madrid (2020); \"<span style=\"color: #993366;\">El Se\u00f1or de los Anillos en Concierto<\/span>\" con la Orquesta Nacional (2019); \"<span style=\"color: #993366;\">La La Land en Concierto<\/span>\" con la Orquesta Sinf\u00f3nica Verum (2017); \"<span style=\"color: #993366;\">Frozen en Concierto<\/span>\" con la FSO (2017); Espect\u00e1culo \u201c<span style=\"color: #a3227f;\">Arreglando el mundo<\/span>\u201d (Teatro Compac Gran V\u00eda\/2012-13), acompa\u00f1ando a reconocidos monologuistas como Dani Rovira, JJ Vaquero, El Monaguillo, Eduardo Ald\u00e1n... Etc.\r\n<\/pre>\n<p>[\/vc_column_text][\/vc_column_inner][vc_column_inner width=\u00bb1\/2&#8243;][vc_column_text]<\/p>\n<pre style=\"text-align: center;\">Paralelamente a mis estudios musicales termino la <span style=\"color: #a3227f;\">Carrera de Periodismo<\/span>, ejerciendo unos a\u00f1os como periodista musical para portales y revistas. Este bagaje me lleva a trabajar en las publicaciones \u201c<span style=\"color: #a3227f;\">Guitarrista<\/span>\u201d y \u201c<span style=\"color: #a3227f;\">Acordes<\/span>\u201d (de 2004 a 2014), donde grabo demos de instrumentos y escribo art\u00edculos t\u00e9cnicos y reportajes sobre todo tipo de estilos. Tambi\u00e9n edito n\u00fameros Especiales sobre T\u00e9cnica de Jazz y Rock para la misma editorial. \r\n\r\nAdem\u00e1s de mis habituales ocupaciones me gusta inventar mis propios proyectos, con los que he trabajado muchos a\u00f1os en todo tipo de eventos, galas, entregas de Premios... Entre ellos: <span style=\"color: #a3227f;\"><a style=\"color: #a3227f;\" href=\"http:\/\/www.javiersantosguitar.com\/main\/guitarsolotributo\/\">Guitar Solo Tributo<\/a><\/span> <span style=\"color: #a3227f;\"><span style=\"color: #333333;\">(info en esta misma Web en <span style=\"color: #993366;\"><a style=\"color: #993366;\" href=\"http:\/\/www.javiersantosguitar.com\/main\/gst\/\">Solista<\/a><\/span>).<\/span><\/span> Versiones instrumentales y cantadas de grandes cl\u00e1sicos a una sola guitarra y al estilo Ragtime (tambi\u00e9n en versi\u00f3n Tr\u00edo). Con este \u00faltimo fui contratado en 2015 por la empresa americana de cruceros <span style=\"color: #a3227f;\">Celebrity Cruises<span style=\"color: #333333;\">, con la que estuve <\/span>recorriendo Caribe, Asia, Canad\u00e1 y Alaska durante 6 meses<\/span>. <span style=\"color: #a3227f;\"><a style=\"color: #a3227f;\" href=\"http:\/\/www.cinemastringquartet.com\" target=\"_blank\" rel=\"noopener noreferrer\">Cinema String Quartet<\/a><\/span>, singular cuarteto de cuerda inspirado en los artistas de cabaret de principios de siglo que interpreta en tono de humor originales versiones de canciones de pel\u00edculas. \u00daltimo proyecto propio: <span style=\"color: #a3227f;\"><span style=\"color: #993366;\"><a style=\"color: #993366;\" href=\"http:\/\/www.javiersantosguitar.com\/main\/madrid-singular-a-ritmo-de-rag\/\">Madrid Singular a Ritmo de Ragtime<\/a><\/span><span style=\"color: #333333;\"> (info en esta misma Web en <span style=\"color: #993366;\"><a style=\"color: #993366;\" href=\"http:\/\/www.javiersantosguitar.com\/main\/madrid-singular-a-ritmo-de-rag\/\">MSRR<\/a><\/span>).<\/span><\/span>\r\n\r\nEntre 2008 y 2010 compagino mi trabajo en musicales con el proyecto <span style=\"color: #a3227f;\">The Swinging Devils<\/span>, montaje musical en tono de humor a ritmo de swing. Tambi\u00e9n he grabado guitarras para galas, espect\u00e1culos y montajes musicales representados en teatros de la capital. \r\n\r\nEntre 2012 y 2014 form\u00e9 parte como profesor y coordinador en el proyecto <span style=\"color: #a3227f;\">Desnudos de Etiquetas<\/span>, comunidad de guitarristas promovida por Cerveza Alhambra Reserva 1925 que inclu\u00eda clases online, Master Classes, becas de formaci\u00f3n a nuevos talentos, conciertos en\u00a0salas de Madrid, etc. He sido <span style=\"color: #a3227f;\">Profesor de Guitarra y Armon\u00eda Moderna<\/span> m\u00e1s de 15 a\u00f1os, trabajando en escuelas de Madrid como el Instituto de M\u00fasica y Tecnolog\u00eda (IMT), el CEMM, Come\u2019n\u2019Play it, Centros Culturales, etc.<\/pre>\n<p>[\/vc_column_text][\/vc_column_inner][\/vc_row_inner][vc_row_inner iron_bg_video=\u00bb\u00bb][vc_column_inner][vc_text_separator title=\u00bb\u00bb color=\u00bbcustom\u00bb accent_color=\u00bb#c2c3c4&#8243;][vc_empty_space height=\u00bb80px\u00bb][\/vc_column_inner][\/vc_row_inner][\/vc_column][\/vc_row]<\/p>\n","protected":false},"excerpt":{"rendered":"<p>[vc_row iron_row_type=\u00bbfull_width\u00bb iron_remove_padding_medium=\u00bbtabletnopadding\u00bb iron_remove_padding_small=\u00bb\u00bb iron_overlay_pattern=\u00bb\u00bb iron_parallax=\u00bb\u00bb iron_bg_video=\u00bb\u00bb][vc_column][vc_empty_space height=\u00bb160px\u00bb][vc_custom_heading text=\u00bbBiograf\u00eda\u00bb font_container=\u00bbtag:h3|text_align:center\u00bb google_fonts=\u00bbfont_family:Playfair%20Display%3Aregular%2Citalic%2C700%2C700italic%2C900%2C900italic|font_style:400%20regular%3A400%3Anormal\u00bb fit_bg_text=\u00bb0&#8243; css=\u00bb.vc_custom_1467230033979{margin-bottom: -20px !important;}\u00bb][vc_empty_space height=\u00bb75px\u00bb][\/vc_column][\/vc_row][vc_row iron_row_type=\u00bbfull_width\u00bb iron_remove_padding_medium=\u00bbtabletnopadding\u00bb iron_remove_padding_small=\u00bb\u00bb iron_overlay_pattern=\u00bb\u00bb iron_parallax=\u00bb\u00bb iron_bg_video=\u00bb\u00bb css=\u00bb.vc_custom_1452106292953{background-position: 0 0 !important;background-repeat: repeat !important;}\u00bb][vc_column el_class=\u00bb.nopadding\u00bb][vc_single_image image=\u00bb6644&#8243; img_size=\u00bb400&#215;600&#8243; alignment=\u00bbcenter\u00bb css_animation=\u00bbbottom-to-top\u00bb img_fullwidth=\u00bb0&#8243;][\/vc_column][\/vc_row][vc_row iron_row_type=\u00bbfull_width\u00bb iron_remove_padding_medium=\u00bbtabletnopadding\u00bb iron_remove_padding_small=\u00bb\u00bb iron_overlay_pattern=\u00bb\u00bb iron_parallax=\u00bb\u00bb iron_bg_video=\u00bb\u00bb css=\u00bb.vc_custom_1452106591529{padding-right: 10px !important;padding-left: 10px !important;}\u00bb][vc_column][vc_row_inner iron_bg_video=\u00bb\u00bb][vc_column_inner][vc_column_text] Instrumentos: Guitarras, Lap Steel, Banjo Tenor y 5 Cuerdas, Mandolina, Ukelele y algo de Saxo Alto. [\/vc_column_text][vc_empty_space height=\u00bb2px\u00bb][vc_column_text] Actualmente Guitarrista en los Musicales \u00abChicago\u00bb (Teatro Nuevo Apolo) y \u00abPretty Woman\u00bb (Teatro EDP Gran V\u00eda). [&hellip;]<\/p>\n","protected":false},"author":2,"featured_media":0,"parent":0,"menu_order":3,"comment_status":"closed","ping_status":"closed","template":"","meta":{"jetpack_post_was_ever_published":false,"footnotes":""},"class_list":["post-14","page","type-page","status-publish","hentry"],"jetpack_sharing_enabled":true,"jetpack_shortlink":"https:\/\/wp.me\/P9HYNS-e","jetpack_likes_enabled":true,"jetpack-related-posts":[{"id":5001,"url":"https:\/\/www.javiersantosguitar.com\/main\/guitar-solo-tributo\/","url_meta":{"origin":14,"position":0},"title":"Guitar Solo Tributo","author":"javicorny","date":"01\/07\/2016","format":false,"excerpt":"\u00a0 MSRR\u00a0es un nuevo espacio online dise\u00f1ado para dar a conocer lugares \u00fanicos de Madrid a trav\u00e9s de la m\u00fasica Ragtime. Todo ello con peque\u00f1os clips musicales, a medio camino entre la actuaci\u00f3n en directo y el v\u00eddeo-reportaje. Un proyecto del guitarrista Javier Santos, en el que se presentar\u00e1n locales,\u2026","rel":"","context":"Entrada similar","block_context":{"text":"Entrada similar","link":""},"img":{"alt_text":"GST MJ 4","src":"https:\/\/i0.wp.com\/www.javiersantosguitar.com\/main\/wp-content\/uploads\/2013\/05\/GST-MJ-4.jpg?resize=350%2C200","width":350,"height":200,"srcset":"https:\/\/i0.wp.com\/www.javiersantosguitar.com\/main\/wp-content\/uploads\/2013\/05\/GST-MJ-4.jpg?resize=350%2C200 1x, https:\/\/i0.wp.com\/www.javiersantosguitar.com\/main\/wp-content\/uploads\/2013\/05\/GST-MJ-4.jpg?resize=525%2C300 1.5x, https:\/\/i0.wp.com\/www.javiersantosguitar.com\/main\/wp-content\/uploads\/2013\/05\/GST-MJ-4.jpg?resize=700%2C400 2x"},"classes":[]}],"_links":{"self":[{"href":"https:\/\/www.javiersantosguitar.com\/main\/wp-json\/wp\/v2\/pages\/14","targetHints":{"allow":["GET"]}}],"collection":[{"href":"https:\/\/www.javiersantosguitar.com\/main\/wp-json\/wp\/v2\/pages"}],"about":[{"href":"https:\/\/www.javiersantosguitar.com\/main\/wp-json\/wp\/v2\/types\/page"}],"author":[{"embeddable":true,"href":"https:\/\/www.javiersantosguitar.com\/main\/wp-json\/wp\/v2\/users\/2"}],"replies":[{"embeddable":true,"href":"https:\/\/www.javiersantosguitar.com\/main\/wp-json\/wp\/v2\/comments?post=14"}],"version-history":[{"count":6,"href":"https:\/\/www.javiersantosguitar.com\/main\/wp-json\/wp\/v2\/pages\/14\/revisions"}],"predecessor-version":[{"id":6809,"href":"https:\/\/www.javiersantosguitar.com\/main\/wp-json\/wp\/v2\/pages\/14\/revisions\/6809"}],"wp:attachment":[{"href":"https:\/\/www.javiersantosguitar.com\/main\/wp-json\/wp\/v2\/media?parent=14"}],"curies":[{"name":"wp","href":"https:\/\/api.w.org\/{rel}","templated":true}]}}