{"id":137,"date":"2012-06-22T00:29:03","date_gmt":"2012-06-21T22:29:03","guid":{"rendered":"http:\/\/www.javiersantosguitar.com\/?page_id=137"},"modified":"2021-02-06T02:23:50","modified_gmt":"2021-02-06T00:23:50","slug":"contacto","status":"publish","type":"page","link":"https:\/\/www.javiersantosguitar.com\/main\/contacto\/","title":{"rendered":"Contacto"},"content":{"rendered":"<p style=\"text-align: center;\"><img loading=\"lazy\" decoding=\"async\" class=\"aligncenter wp-image-5606\" src=\"https:\/\/i0.wp.com\/www.javiersantosguitar.com\/main\/wp-content\/uploads\/2012\/06\/14589665_1230235710361841_6762373317495940058_o.jpg?resize=544%2C362\" alt=\"14589665_1230235710361841_6762373317495940058_o\" width=\"544\" height=\"362\" srcset=\"https:\/\/i0.wp.com\/www.javiersantosguitar.com\/main\/wp-content\/uploads\/2012\/06\/14589665_1230235710361841_6762373317495940058_o.jpg?w=2048&amp;ssl=1 2048w, https:\/\/i0.wp.com\/www.javiersantosguitar.com\/main\/wp-content\/uploads\/2012\/06\/14589665_1230235710361841_6762373317495940058_o.jpg?resize=559%2C373&amp;ssl=1 559w, https:\/\/i0.wp.com\/www.javiersantosguitar.com\/main\/wp-content\/uploads\/2012\/06\/14589665_1230235710361841_6762373317495940058_o.jpg?resize=768%2C512&amp;ssl=1 768w, https:\/\/i0.wp.com\/www.javiersantosguitar.com\/main\/wp-content\/uploads\/2012\/06\/14589665_1230235710361841_6762373317495940058_o.jpg?resize=1024%2C683&amp;ssl=1 1024w\" sizes=\"auto, (max-width: 544px) 100vw, 544px\" data-recalc-dims=\"1\" \/><\/p>\n<h4 style=\"text-align: center;\"><span style=\"color: #ffffff;\">.<\/span><\/h4>\n<h4 style=\"text-align: center;\"><strong>Facebook:<\/strong><\/h4>\n<h4 style=\"text-align: center;\"><strong><span style=\"color: #0000ff;\"><a style=\"color: #0000ff;\" href=\"https:\/\/www.facebook.com\/javier.santos.526875\" target=\"_blank\" rel=\"noopener noreferrer\">https:\/\/www.facebook.com\/javier.santos.526875<\/a><\/span><\/strong><\/h4>\n<h4 style=\"text-align: center;\"><strong><span style=\"color: #0000ff;\"><a style=\"color: #0000ff;\" href=\"https:\/\/www.facebook.com\/MadridSingularaRitmodeRagtime\" target=\"_blank\" rel=\"noopener noreferrer\">https:\/\/www.facebook.com\/MadridSingularaRitmodeRagtime<\/a><\/span><\/strong><\/h4>\n<h4 style=\"text-align: center;\"><strong>Instagram:<\/strong><\/h4>\n<h4 style=\"text-align: center;\"><strong><span style=\"color: #0000ff;\"><a style=\"color: #0000ff;\" href=\"https:\/\/www.instagram.com\/javiersantosguitarra\" target=\"_blank\" rel=\"noopener noreferrer\">https:\/\/www.instagram.com\/javiersantosguitarra<\/a><\/span><\/strong><\/h4>\n<h4 style=\"text-align: center;\">Con el siguiente formulario os podr\u00e9is poner en contacto directamente conmigo. Si necesit\u00e1is algo m\u00e1s concreto tambi\u00e9n pod\u00e9is escribirme a <span style=\"color: #333399;\"><a style=\"color: #333399;\" href=\"mailto:javier@javiersantosguitar.com\">javier@javiersantosguitar.com, javiercorny@hotmail.com,\u00a0<\/a><\/span>o llamarme al tel\u00e9fono <strong>687048257<\/strong>. \u00a1Gracias!<\/h4>\n\n<div class=\"wpcf7 no-js\" id=\"wpcf7-f4855-o1\" lang=\"es-ES\" dir=\"ltr\">\n<div class=\"screen-reader-response\"><p role=\"status\" aria-live=\"polite\" aria-atomic=\"true\"><\/p> <ul><\/ul><\/div>\n<form action=\"\/main\/wp-json\/wp\/v2\/pages\/137#wpcf7-f4855-o1\" method=\"post\" class=\"wpcf7-form init\" aria-label=\"Formulario de contacto\" novalidate=\"novalidate\" data-status=\"init\">\n<div style=\"display: none;\">\n<input type=\"hidden\" name=\"_wpcf7\" value=\"4855\" \/>\n<input type=\"hidden\" name=\"_wpcf7_version\" value=\"5.8.6\" \/>\n<input type=\"hidden\" name=\"_wpcf7_locale\" value=\"es_ES\" \/>\n<input type=\"hidden\" name=\"_wpcf7_unit_tag\" value=\"wpcf7-f4855-o1\" \/>\n<input type=\"hidden\" name=\"_wpcf7_container_post\" value=\"0\" \/>\n<input type=\"hidden\" name=\"_wpcf7_posted_data_hash\" value=\"\" \/>\n<\/div>\n<p>Nombre (requerido)\n<\/p>\n<p><span class=\"wpcf7-form-control-wrap\" data-name=\"your-name\"><input size=\"40\" class=\"wpcf7-form-control wpcf7-text wpcf7-validates-as-required\" aria-required=\"true\" aria-invalid=\"false\" value=\"\" type=\"text\" name=\"your-name\" \/><\/span>\n<\/p>\n<p>Correo electr\u00f3nico (requerido)\n<\/p>\n<p><span class=\"wpcf7-form-control-wrap\" data-name=\"your-email\"><input size=\"40\" class=\"wpcf7-form-control wpcf7-email wpcf7-validates-as-required wpcf7-text wpcf7-validates-as-email\" aria-required=\"true\" aria-invalid=\"false\" value=\"\" type=\"email\" name=\"your-email\" \/><\/span>\n<\/p>\n<p>Asunto\n<\/p>\n<p><span class=\"wpcf7-form-control-wrap\" data-name=\"your-subject\"><input size=\"40\" class=\"wpcf7-form-control wpcf7-text\" aria-invalid=\"false\" value=\"\" type=\"text\" name=\"your-subject\" \/><\/span>\n<\/p>\n<p>Mensaje\n<\/p>\n<p><span class=\"wpcf7-form-control-wrap\" data-name=\"your-message\"><textarea cols=\"40\" rows=\"10\" class=\"wpcf7-form-control wpcf7-textarea\" aria-invalid=\"false\" name=\"your-message\"><\/textarea><\/span>\n<\/p>\n<p><input class=\"wpcf7-form-control wpcf7-submit has-spinner\" type=\"submit\" value=\"Enviar\" \/>\n<\/p><p style=\"display: none !important;\" class=\"akismet-fields-container\" data-prefix=\"_wpcf7_ak_\"><label>&#916;<textarea name=\"_wpcf7_ak_hp_textarea\" cols=\"45\" rows=\"8\" maxlength=\"100\"><\/textarea><\/label><input type=\"hidden\" id=\"ak_js_1\" name=\"_wpcf7_ak_js\" value=\"127\"\/><script>document.getElementById( \"ak_js_1\" ).setAttribute( \"value\", ( new Date() ).getTime() );<\/script><\/p><div class=\"wpcf7-response-output\" aria-hidden=\"true\"><\/div>\n<\/form>\n<\/div>\n\n<p style=\"text-align: center;\"><strong>Webs amigas:<br \/>\n<\/strong><a href=\"http:\/\/www.cinemastringquartet.com\/\" target=\"_blank\" rel=\"noopener noreferrer\">www.cinemastringquartet.com<\/a><br \/>\n<a href=\"http:\/\/www.duendemad.com\/\" target=\"_blank\" rel=\"noopener noreferrer\">www.duendemad.com<\/a><\/p>\n","protected":false},"excerpt":{"rendered":"<p>. Facebook: https:\/\/www.facebook.com\/javier.santos.526875 https:\/\/www.facebook.com\/MadridSingularaRitmodeRagtime Instagram: https:\/\/www.instagram.com\/javiersantosguitarra Con el siguiente formulario os podr\u00e9is poner en contacto directamente conmigo. Si necesit\u00e1is algo m\u00e1s concreto tambi\u00e9n pod\u00e9is escribirme a javier@javiersantosguitar.com, javiercorny@hotmail.com,\u00a0o llamarme al tel\u00e9fono 687048257. \u00a1Gracias! Webs amigas: www.cinemastringquartet.com www.duendemad.com<\/p>\n","protected":false},"author":2,"featured_media":0,"parent":0,"menu_order":8,"comment_status":"closed","ping_status":"closed","template":"","meta":{"jetpack_post_was_ever_published":false,"footnotes":""},"class_list":["post-137","page","type-page","status-publish","hentry"],"jetpack_sharing_enabled":true,"jetpack_shortlink":"https:\/\/wp.me\/P9HYNS-2d","jetpack_likes_enabled":true,"jetpack-related-posts":[{"id":5434,"url":"https:\/\/www.javiersantosguitar.com\/main\/gst\/","url_meta":{"origin":137,"position":0},"title":"Solista","author":"javicorny","date":"22\/09\/2016","format":false,"excerpt":"Guitar Solo Tributo es un proyecto instrumental y cantado\u00a0a una sola guitarra, en el que se hace un repaso por algunos de los m\u00e1s famosos temas del repertorio moderno a ritmo de Ragtime,\u00a0recogiendo la herencia de guitarristas como Merle Travis o Chet Atkins pero en un formato m\u00e1s libre y\u2026","rel":"","context":"Entrada similar","block_context":{"text":"Entrada similar","link":""},"img":{"alt_text":"","src":"https:\/\/i0.wp.com\/www.javiersantosguitar.com\/main\/wp-content\/uploads\/2012\/06\/GST-Passenger-Youtube-copia3.jpg?resize=350%2C200&ssl=1","width":350,"height":200,"srcset":"https:\/\/i0.wp.com\/www.javiersantosguitar.com\/main\/wp-content\/uploads\/2012\/06\/GST-Passenger-Youtube-copia3.jpg?resize=350%2C200&ssl=1 1x, https:\/\/i0.wp.com\/www.javiersantosguitar.com\/main\/wp-content\/uploads\/2012\/06\/GST-Passenger-Youtube-copia3.jpg?resize=525%2C300&ssl=1 1.5x, https:\/\/i0.wp.com\/www.javiersantosguitar.com\/main\/wp-content\/uploads\/2012\/06\/GST-Passenger-Youtube-copia3.jpg?resize=700%2C400&ssl=1 2x"},"classes":[]},{"id":5374,"url":"https:\/\/www.javiersantosguitar.com\/main\/chopper-monster\/","url_meta":{"origin":137,"position":1},"title":"Chopper Monster","author":"javicorny","date":"20\/09\/2016","format":false,"excerpt":"MADRID SINGULAR A RITMO DE RAGTIME es un nuevo espacio online dise\u00f1ado para dar a conocer lugares \u00fanicos de Madrid a trav\u00e9s de la m\u00fasica Ragtime. Todo ello con peque\u00f1os clips musicales, a medio camino entre la actuaci\u00f3n en directo y el v\u00eddeo-reportaje. Un proyecto del guitarrista Javier Santos, en\u2026","rel":"","context":"Entrada similar","block_context":{"text":"Entrada similar","link":""},"img":{"alt_text":"","src":"","width":0,"height":0},"classes":[]},{"id":1043,"url":"https:\/\/www.javiersantosguitar.com\/main\/madrid-singular-a-ritmo-de-rag\/","url_meta":{"origin":137,"position":2},"title":"MSRR","author":"javicorny","date":"29\/04\/2016","format":false,"excerpt":"MADRID SINGULAR A RITMO DE RAGTIME es un nuevo espacio online dise\u00f1ado para dar a conocer lugares \u00fanicos de Madrid a trav\u00e9s de la m\u00fasica Ragtime. Todo ello con peque\u00f1os clips musicales, a medio camino entre la actuaci\u00f3n en directo y el v\u00eddeo-reportaje. Un proyecto del guitarrista Javier Santos, en\u2026","rel":"","context":"Entrada similar","block_context":{"text":"Entrada similar","link":""},"img":{"alt_text":"","src":"https:\/\/i0.wp.com\/www.javiersantosguitar.com\/main\/wp-content\/uploads\/2012\/06\/MSRR-Malayerba-Bio-Peque\u00c3\u00b1o.jpg?resize=350%2C200&ssl=1","width":350,"height":200,"srcset":"https:\/\/i0.wp.com\/www.javiersantosguitar.com\/main\/wp-content\/uploads\/2012\/06\/MSRR-Malayerba-Bio-Peque\u00c3\u00b1o.jpg?resize=350%2C200&ssl=1 1x, https:\/\/i0.wp.com\/www.javiersantosguitar.com\/main\/wp-content\/uploads\/2012\/06\/MSRR-Malayerba-Bio-Peque\u00c3\u00b1o.jpg?resize=525%2C300&ssl=1 1.5x"},"classes":[]},{"id":5684,"url":"https:\/\/www.javiersantosguitar.com\/main\/robots-sonicos\/","url_meta":{"origin":137,"position":3},"title":"Robots S.","author":"javicorny","date":"03\/03\/2018","format":false,"excerpt":"Robots S\u00f3nicos, mis otras criaturas art\u00edsticas.\u00a0 Aunque mi principal ocupaci\u00f3n es la de guitarrista moderno, siempre he estado muy ligado a todo lo que sea arte y creatividad. As\u00ed, inspirado en los pioneros de esta corriente art\u00edstica (que constru\u00edan robots a partir de objetos reciclados) y en la est\u00e9tica industrial\u2026","rel":"","context":"Entrada similar","block_context":{"text":"Entrada similar","link":""},"img":{"alt_text":"","src":"https:\/\/i0.wp.com\/www.javiersantosguitar.com\/main\/wp-content\/uploads\/2018\/03\/Robots-Sonicos-Pagina-Web.jpg?resize=350%2C200","width":350,"height":200,"srcset":"https:\/\/i0.wp.com\/www.javiersantosguitar.com\/main\/wp-content\/uploads\/2018\/03\/Robots-Sonicos-Pagina-Web.jpg?resize=350%2C200 1x, https:\/\/i0.wp.com\/www.javiersantosguitar.com\/main\/wp-content\/uploads\/2018\/03\/Robots-Sonicos-Pagina-Web.jpg?resize=525%2C300 1.5x, https:\/\/i0.wp.com\/www.javiersantosguitar.com\/main\/wp-content\/uploads\/2018\/03\/Robots-Sonicos-Pagina-Web.jpg?resize=700%2C400 2x, https:\/\/i0.wp.com\/www.javiersantosguitar.com\/main\/wp-content\/uploads\/2018\/03\/Robots-Sonicos-Pagina-Web.jpg?resize=1050%2C600 3x, https:\/\/i0.wp.com\/www.javiersantosguitar.com\/main\/wp-content\/uploads\/2018\/03\/Robots-Sonicos-Pagina-Web.jpg?resize=1400%2C800 4x"},"classes":[]},{"id":5001,"url":"https:\/\/www.javiersantosguitar.com\/main\/guitar-solo-tributo\/","url_meta":{"origin":137,"position":4},"title":"Guitar Solo Tributo","author":"javicorny","date":"01\/07\/2016","format":false,"excerpt":"\u00a0 MSRR\u00a0es un nuevo espacio online dise\u00f1ado para dar a conocer lugares \u00fanicos de Madrid a trav\u00e9s de la m\u00fasica Ragtime. Todo ello con peque\u00f1os clips musicales, a medio camino entre la actuaci\u00f3n en directo y el v\u00eddeo-reportaje. Un proyecto del guitarrista Javier Santos, en el que se presentar\u00e1n locales,\u2026","rel":"","context":"Entrada similar","block_context":{"text":"Entrada similar","link":""},"img":{"alt_text":"GST MJ 4","src":"https:\/\/i0.wp.com\/www.javiersantosguitar.com\/main\/wp-content\/uploads\/2013\/05\/GST-MJ-4.jpg?resize=350%2C200","width":350,"height":200,"srcset":"https:\/\/i0.wp.com\/www.javiersantosguitar.com\/main\/wp-content\/uploads\/2013\/05\/GST-MJ-4.jpg?resize=350%2C200 1x, https:\/\/i0.wp.com\/www.javiersantosguitar.com\/main\/wp-content\/uploads\/2013\/05\/GST-MJ-4.jpg?resize=525%2C300 1.5x, https:\/\/i0.wp.com\/www.javiersantosguitar.com\/main\/wp-content\/uploads\/2013\/05\/GST-MJ-4.jpg?resize=700%2C400 2x"},"classes":[]},{"id":135,"url":"https:\/\/www.javiersantosguitar.com\/main\/videos-2\/","url_meta":{"origin":137,"position":5},"title":"V\u00eddeos","author":"javicorny","date":"22\/06\/2012","format":false,"excerpt":"M\u00e1s V\u00eddeos Actualizados en: https:\/\/www.instagram.com\/javiersantosguitarra\/","rel":"","context":"Entrada similar","block_context":{"text":"Entrada similar","link":""},"img":{"alt_text":"","src":"","width":0,"height":0},"classes":[]}],"_links":{"self":[{"href":"https:\/\/www.javiersantosguitar.com\/main\/wp-json\/wp\/v2\/pages\/137","targetHints":{"allow":["GET"]}}],"collection":[{"href":"https:\/\/www.javiersantosguitar.com\/main\/wp-json\/wp\/v2\/pages"}],"about":[{"href":"https:\/\/www.javiersantosguitar.com\/main\/wp-json\/wp\/v2\/types\/page"}],"author":[{"embeddable":true,"href":"https:\/\/www.javiersantosguitar.com\/main\/wp-json\/wp\/v2\/users\/2"}],"replies":[{"embeddable":true,"href":"https:\/\/www.javiersantosguitar.com\/main\/wp-json\/wp\/v2\/comments?post=137"}],"version-history":[{"count":5,"href":"https:\/\/www.javiersantosguitar.com\/main\/wp-json\/wp\/v2\/pages\/137\/revisions"}],"predecessor-version":[{"id":6439,"href":"https:\/\/www.javiersantosguitar.com\/main\/wp-json\/wp\/v2\/pages\/137\/revisions\/6439"}],"wp:attachment":[{"href":"https:\/\/www.javiersantosguitar.com\/main\/wp-json\/wp\/v2\/media?parent=137"}],"curies":[{"name":"wp","href":"https:\/\/api.w.org\/{rel}","templated":true}]}}